{"id":399,"date":"2023-11-14T08:47:13","date_gmt":"2023-11-14T11:47:13","guid":{"rendered":"https:\/\/javiergasistarefrigeracion.com\/?page_id=399"},"modified":"2023-11-14T21:03:17","modified_gmt":"2023-11-15T00:03:17","slug":"contacto-2","status":"publish","type":"page","link":"https:\/\/javiergasistarefrigeracion.com\/index.php\/contacto-2\/","title":{"rendered":"Contacto"},"content":{"rendered":"\t\t<div data-elementor-type=\"wp-page\" data-elementor-id=\"399\" class=\"elementor elementor-399\">\n\t\t\t\t<div class=\"elementor-element elementor-element-31ab49b e-flex e-con-boxed e-con e-parent\" data-id=\"31ab49b\" data-element_type=\"container\">\n\t\t\t\t\t<div class=\"e-con-inner\">\n\t\t\t\t<div class=\"elementor-element elementor-element-7551602 elementor-widget elementor-widget-spacer\" data-id=\"7551602\" data-element_type=\"widget\" data-widget_type=\"spacer.default\">\n\t\t\t\t<div class=\"elementor-widget-container\">\n\t\t\t\t\t<div class=\"elementor-spacer\">\n\t\t\t<div class=\"elementor-spacer-inner\"><\/div>\n\t\t<\/div>\n\t\t\t\t<\/div>\n\t\t\t\t<\/div>\n\t\t\t\t<div class=\"elementor-element elementor-element-d7febd4 elementor-widget elementor-widget-heading\" data-id=\"d7febd4\" data-element_type=\"widget\" data-widget_type=\"heading.default\">\n\t\t\t\t<div class=\"elementor-widget-container\">\n\t\t\t<h2 class=\"elementor-heading-title elementor-size-default\">\u00bfNecesitas asistencia inmediata? <\/h2>\t\t<\/div>\n\t\t\t\t<\/div>\n\t\t\t\t<div class=\"elementor-element elementor-element-42ec0fd elementor-widget elementor-widget-spacer\" data-id=\"42ec0fd\" data-element_type=\"widget\" data-widget_type=\"spacer.default\">\n\t\t\t\t<div class=\"elementor-widget-container\">\n\t\t\t\t\t<div class=\"elementor-spacer\">\n\t\t\t<div class=\"elementor-spacer-inner\"><\/div>\n\t\t<\/div>\n\t\t\t\t<\/div>\n\t\t\t\t<\/div>\n\t\t\t\t\t<\/div>\n\t\t\t\t<\/div>\n\t\t<div class=\"elementor-element elementor-element-c141c7c e-flex e-con-boxed e-con e-parent\" data-id=\"c141c7c\" data-element_type=\"container\">\n\t\t\t\t\t<div class=\"e-con-inner\">\n\t\t<div class=\"elementor-element elementor-element-f1788e9 e-con-full borde_animado e-flex e-con e-child\" data-id=\"f1788e9\" data-element_type=\"container\">\n\t\t<div class=\"elementor-element elementor-element-38eedd6 e-flex e-con-boxed e-con e-child\" data-id=\"38eedd6\" data-element_type=\"container\" data-settings=\"{&quot;background_background&quot;:&quot;classic&quot;}\">\n\t\t\t\t\t<div class=\"e-con-inner\">\n\t\t\t\t<div class=\"elementor-element elementor-element-87de57a elementor-widget elementor-widget-image\" data-id=\"87de57a\" data-element_type=\"widget\" data-widget_type=\"image.default\">\n\t\t\t\t<div class=\"elementor-widget-container\">\n\t\t\t\t\t\t\t\t\t\t\t\t\t<img fetchpriority=\"high\" decoding=\"async\" width=\"800\" height=\"805\" src=\"https:\/\/javiergasistarefrigeracion.com\/wp-content\/uploads\/2023\/11\/WhatsApp.png\" class=\"attachment-large size-large wp-image-475\" alt=\"\" srcset=\"https:\/\/javiergasistarefrigeracion.com\/wp-content\/uploads\/2023\/11\/WhatsApp.png 800w, https:\/\/javiergasistarefrigeracion.com\/wp-content\/uploads\/2023\/11\/WhatsApp-298x300.png 298w, https:\/\/javiergasistarefrigeracion.com\/wp-content\/uploads\/2023\/11\/WhatsApp-150x150.png 150w, https:\/\/javiergasistarefrigeracion.com\/wp-content\/uploads\/2023\/11\/WhatsApp-768x773.png 768w, https:\/\/javiergasistarefrigeracion.com\/wp-content\/uploads\/2023\/11\/WhatsApp-98x98.png 98w, https:\/\/javiergasistarefrigeracion.com\/wp-content\/uploads\/2023\/11\/WhatsApp-68x68.png 68w\" sizes=\"(max-width: 800px) 100vw, 800px\" \/>\t\t\t\t\t\t\t\t\t\t\t\t\t<\/div>\n\t\t\t\t<\/div>\n\t\t\t\t<div class=\"elementor-element elementor-element-33c27f8 elementor-widget elementor-widget-text-editor\" data-id=\"33c27f8\" data-element_type=\"widget\" data-widget_type=\"text-editor.default\">\n\t\t\t\t<div class=\"elementor-widget-container\">\n\t\t\t\t\t\t\t<p><em>Comunicate con nosotros a trav\u00e9s de WhatsApp al <\/em><strong>112397403<\/strong><\/p>\t\t\t\t\t\t<\/div>\n\t\t\t\t<\/div>\n\t\t\t\t\t<\/div>\n\t\t\t\t<\/div>\n\t\t\t\t<\/div>\n\t\t<div class=\"elementor-element elementor-element-c70931e e-con-full borde_animado e-flex e-con e-child\" data-id=\"c70931e\" data-element_type=\"container\" data-settings=\"{&quot;background_background&quot;:&quot;classic&quot;}\">\n\t\t<div class=\"elementor-element elementor-element-9cdd215 e-flex e-con-boxed e-con e-child\" data-id=\"9cdd215\" data-element_type=\"container\" data-settings=\"{&quot;background_background&quot;:&quot;classic&quot;}\">\n\t\t\t\t\t<div class=\"e-con-inner\">\n\t\t\t\t<div class=\"elementor-element elementor-element-53f650f elementor-widget elementor-widget-image\" data-id=\"53f650f\" data-element_type=\"widget\" data-widget_type=\"image.default\">\n\t\t\t\t<div class=\"elementor-widget-container\">\n\t\t\t\t\t\t\t\t\t\t\t\t\t<img decoding=\"async\" width=\"512\" height=\"512\" src=\"https:\/\/javiergasistarefrigeracion.com\/wp-content\/uploads\/2023\/11\/correo.png\" class=\"attachment-large size-large wp-image-503\" alt=\"\" srcset=\"https:\/\/javiergasistarefrigeracion.com\/wp-content\/uploads\/2023\/11\/correo.png 512w, https:\/\/javiergasistarefrigeracion.com\/wp-content\/uploads\/2023\/11\/correo-300x300.png 300w, https:\/\/javiergasistarefrigeracion.com\/wp-content\/uploads\/2023\/11\/correo-150x150.png 150w, https:\/\/javiergasistarefrigeracion.com\/wp-content\/uploads\/2023\/11\/correo-98x98.png 98w, https:\/\/javiergasistarefrigeracion.com\/wp-content\/uploads\/2023\/11\/correo-68x68.png 68w\" sizes=\"(max-width: 512px) 100vw, 512px\" \/>\t\t\t\t\t\t\t\t\t\t\t\t\t<\/div>\n\t\t\t\t<\/div>\n\t\t\t\t<div class=\"elementor-element elementor-element-ce8b66f elementor-widget elementor-widget-text-editor\" data-id=\"ce8b66f\" data-element_type=\"widget\" data-widget_type=\"text-editor.default\">\n\t\t\t\t<div class=\"elementor-widget-container\">\n\t\t\t\t\t\t\t<p><em>Env\u00edanos un correo electr\u00f3nico a<\/em> <strong>hola@javierserviciogarantizado.com<\/strong><\/p>\t\t\t\t\t\t<\/div>\n\t\t\t\t<\/div>\n\t\t\t\t\t<\/div>\n\t\t\t\t<\/div>\n\t\t\t\t<\/div>\n\t\t\t\t\t<\/div>\n\t\t\t\t<\/div>\n\t\t<div class=\"elementor-element elementor-element-b2f3a89 e-flex e-con-boxed e-con e-parent\" data-id=\"b2f3a89\" data-element_type=\"container\">\n\t\t\t\t\t<div class=\"e-con-inner\">\n\t\t\t\t<div class=\"elementor-element elementor-element-d4ebbe9 elementor-widget elementor-widget-heading\" data-id=\"d4ebbe9\" data-element_type=\"widget\" data-widget_type=\"heading.default\">\n\t\t\t\t<div class=\"elementor-widget-container\">\n\t\t\t<h2 class=\"elementor-heading-title elementor-size-default\">Podes comunicarte con nosotros de las siguientes maneras:<\/h2>\t\t<\/div>\n\t\t\t\t<\/div>\n\t\t\t\t<div class=\"elementor-element elementor-element-fdb67b6 elementor-widget elementor-widget-text-editor\" data-id=\"fdb67b6\" data-element_type=\"widget\" data-widget_type=\"text-editor.default\">\n\t\t\t\t<div class=\"elementor-widget-container\">\n\t\t\t\t\t\t\t<ul><li><p>Ll\u00e1manos al 112397403<\/p><\/li><li><p>Habla con nosotros a trav\u00e9s de Whatsapp<\/p><\/li><li><p>Env\u00edanos un correo electr\u00f3nico a hola@javierserviciogarantizado.com<\/p><\/li><\/ul>\t\t\t\t\t\t<\/div>\n\t\t\t\t<\/div>\n\t\t\t\t\t<\/div>\n\t\t\t\t<\/div>\n\t\t<div class=\"elementor-element elementor-element-f6334a5 e-flex e-con-boxed e-con e-parent\" data-id=\"f6334a5\" data-element_type=\"container\">\n\t\t\t\t\t<div class=\"e-con-inner\">\n\t\t\t\t\t<\/div>\n\t\t\t\t<\/div>\n\t\t\t\t<\/div>\n\t\t","protected":false},"excerpt":{"rendered":"<p>\u00bfNecesitas asistencia inmediata? Comunicate con nosotros a trav\u00e9s de WhatsApp al 112397403 Env\u00edanos un correo electr\u00f3nico a hola@javierserviciogarantizado.com Podes comunicarte &hellip; <\/p>\n","protected":false},"author":1,"featured_media":0,"parent":0,"menu_order":0,"comment_status":"closed","ping_status":"closed","template":"elementor_header_footer","meta":{"footnotes":""},"_links":{"self":[{"href":"https:\/\/javiergasistarefrigeracion.com\/index.php\/wp-json\/wp\/v2\/pages\/399"}],"collection":[{"href":"https:\/\/javiergasistarefrigeracion.com\/index.php\/wp-json\/wp\/v2\/pages"}],"about":[{"href":"https:\/\/javiergasistarefrigeracion.com\/index.php\/wp-json\/wp\/v2\/types\/page"}],"author":[{"embeddable":true,"href":"https:\/\/javiergasistarefrigeracion.com\/index.php\/wp-json\/wp\/v2\/users\/1"}],"replies":[{"embeddable":true,"href":"https:\/\/javiergasistarefrigeracion.com\/index.php\/wp-json\/wp\/v2\/comments?post=399"}],"version-history":[{"count":37,"href":"https:\/\/javiergasistarefrigeracion.com\/index.php\/wp-json\/wp\/v2\/pages\/399\/revisions"}],"predecessor-version":[{"id":510,"href":"https:\/\/javiergasistarefrigeracion.com\/index.php\/wp-json\/wp\/v2\/pages\/399\/revisions\/510"}],"wp:attachment":[{"href":"https:\/\/javiergasistarefrigeracion.com\/index.php\/wp-json\/wp\/v2\/media?parent=399"}],"curies":[{"name":"wp","href":"https:\/\/api.w.org\/{rel}","templated":true}]}}