{"id":130,"date":"2023-05-18T16:06:12","date_gmt":"2023-05-18T19:06:12","guid":{"rendered":"https:\/\/javiergasistarefrigeracion.com\/?page_id=130"},"modified":"2023-11-14T20:43:19","modified_gmt":"2023-11-14T23:43:19","slug":"heladeras","status":"publish","type":"page","link":"https:\/\/javiergasistarefrigeracion.com\/index.php\/heladeras\/","title":{"rendered":"Heladeras"},"content":{"rendered":"\t\t<div data-elementor-type=\"wp-page\" data-elementor-id=\"130\" class=\"elementor elementor-130\">\n\t\t\t\t<div class=\"elementor-element elementor-element-c3f28e5 e-flex e-con-boxed e-con e-parent\" data-id=\"c3f28e5\" data-element_type=\"container\">\n\t\t\t\t\t<div class=\"e-con-inner\">\n\t\t\t\t<div class=\"elementor-element elementor-element-c977ee2 elementor-widget elementor-widget-spacer\" data-id=\"c977ee2\" data-element_type=\"widget\" data-widget_type=\"spacer.default\">\n\t\t\t\t<div class=\"elementor-widget-container\">\n\t\t\t\t\t<div class=\"elementor-spacer\">\n\t\t\t<div class=\"elementor-spacer-inner\"><\/div>\n\t\t<\/div>\n\t\t\t\t<\/div>\n\t\t\t\t<\/div>\n\t\t\t\t\t<\/div>\n\t\t\t\t<\/div>\n\t\t<div class=\"elementor-element elementor-element-0ad0e0e e-flex e-con-boxed e-con e-parent\" data-id=\"0ad0e0e\" data-element_type=\"container\">\n\t\t\t\t\t<div class=\"e-con-inner\">\n\t\t\t\t<div class=\"elementor-element elementor-element-ec43a95 elementor-widget elementor-widget-heading\" data-id=\"ec43a95\" data-element_type=\"widget\" data-widget_type=\"heading.default\">\n\t\t\t\t<div class=\"elementor-widget-container\">\n\t\t\t<h2 class=\"elementor-heading-title elementor-size-default\">Servicio Profesional de Reparaci\u00f3n de Heladeras<\/h2>\t\t<\/div>\n\t\t\t\t<\/div>\n\t\t\t\t<div class=\"elementor-element elementor-element-a77e307 elementor-widget elementor-widget-spacer\" data-id=\"a77e307\" data-element_type=\"widget\" data-widget_type=\"spacer.default\">\n\t\t\t\t<div class=\"elementor-widget-container\">\n\t\t\t\t\t<div class=\"elementor-spacer\">\n\t\t\t<div class=\"elementor-spacer-inner\"><\/div>\n\t\t<\/div>\n\t\t\t\t<\/div>\n\t\t\t\t<\/div>\n\t\t\t\t\t<\/div>\n\t\t\t\t<\/div>\n\t\t<div class=\"elementor-element elementor-element-d760e42 e-flex e-con-boxed e-con e-parent\" data-id=\"d760e42\" data-element_type=\"container\">\n\t\t\t\t\t<div class=\"e-con-inner\">\n\t\t<div class=\"elementor-element elementor-element-091768c e-con-full e-flex e-con e-child\" data-id=\"091768c\" data-element_type=\"container\">\n\t\t\t\t<div class=\"elementor-element elementor-element-6b8c371 elementor-widget elementor-widget-text-editor\" data-id=\"6b8c371\" data-element_type=\"widget\" data-widget_type=\"text-editor.default\">\n\t\t\t\t<div class=\"elementor-widget-container\">\n\t\t\t\t\t\t\t<p><strong>\u00a1Te ofrecemos nuestro dedicado servicio de reparaci\u00f3n de heladeras!<\/strong><\/p><p>No te preocupes m\u00e1s por los inconvenientes. Deja que nuestro equipo profesional se encargue de devolverle la funcionalidad \u00f3ptima a tu heladera. Cont\u00e1ctanos hoy mismo y descubre c\u00f3mo nuestro compromiso con tu satisfacci\u00f3n marca la diferencia.<\/p><p>\u00a1Estamos aqu\u00ed para hacer que tu heladera vuelva a funcionar perfectamente!<\/p>\t\t\t\t\t\t<\/div>\n\t\t\t\t<\/div>\n\t\t\t\t<\/div>\n\t\t<div class=\"elementor-element elementor-element-5538311 e-con-full e-flex e-con e-child\" data-id=\"5538311\" data-element_type=\"container\">\n\t\t\t\t<div class=\"elementor-element elementor-element-6184188 elementor-widget elementor-widget-image\" data-id=\"6184188\" data-element_type=\"widget\" data-widget_type=\"image.default\">\n\t\t\t\t<div class=\"elementor-widget-container\">\n\t\t\t\t\t\t\t\t\t\t\t\t\t<img fetchpriority=\"high\" decoding=\"async\" width=\"266\" height=\"400\" src=\"https:\/\/javiergasistarefrigeracion.com\/wp-content\/uploads\/2023\/05\/heladeras.jpg\" class=\"attachment-large size-large wp-image-134\" alt=\"\" srcset=\"https:\/\/javiergasistarefrigeracion.com\/wp-content\/uploads\/2023\/05\/heladeras.jpg 266w, https:\/\/javiergasistarefrigeracion.com\/wp-content\/uploads\/2023\/05\/heladeras-200x300.jpg 200w\" sizes=\"(max-width: 266px) 100vw, 266px\" \/>\t\t\t\t\t\t\t\t\t\t\t\t\t<\/div>\n\t\t\t\t<\/div>\n\t\t\t\t<\/div>\n\t\t\t\t\t<\/div>\n\t\t\t\t<\/div>\n\t\t<div class=\"elementor-element elementor-element-71a0978 e-flex e-con-boxed e-con e-parent\" data-id=\"71a0978\" data-element_type=\"container\">\n\t\t\t\t\t<div class=\"e-con-inner\">\n\t\t<div class=\"elementor-element elementor-element-63195f1 e-con-full e-flex e-con e-child\" data-id=\"63195f1\" data-element_type=\"container\">\n\t\t\t\t<div class=\"elementor-element elementor-element-1a84423 elementor-widget elementor-widget-image\" data-id=\"1a84423\" data-element_type=\"widget\" data-widget_type=\"image.default\">\n\t\t\t\t<div class=\"elementor-widget-container\">\n\t\t\t\t\t\t\t\t\t\t\t\t\t<img decoding=\"async\" width=\"222\" height=\"222\" src=\"https:\/\/javiergasistarefrigeracion.com\/wp-content\/uploads\/2023\/11\/heladera.png\" class=\"attachment-large size-large wp-image-337\" alt=\"\" srcset=\"https:\/\/javiergasistarefrigeracion.com\/wp-content\/uploads\/2023\/11\/heladera.png 222w, https:\/\/javiergasistarefrigeracion.com\/wp-content\/uploads\/2023\/11\/heladera-150x150.png 150w, https:\/\/javiergasistarefrigeracion.com\/wp-content\/uploads\/2023\/11\/heladera-98x98.png 98w, https:\/\/javiergasistarefrigeracion.com\/wp-content\/uploads\/2023\/11\/heladera-68x68.png 68w\" sizes=\"(max-width: 222px) 100vw, 222px\" \/>\t\t\t\t\t\t\t\t\t\t\t\t\t<\/div>\n\t\t\t\t<\/div>\n\t\t\t\t<\/div>\n\t\t<div class=\"elementor-element elementor-element-2b67c67 e-con-full e-flex e-con e-child\" data-id=\"2b67c67\" data-element_type=\"container\">\n\t\t\t\t<div class=\"elementor-element elementor-element-25ce86d elementor-widget elementor-widget-text-editor\" data-id=\"25ce86d\" data-element_type=\"widget\" data-widget_type=\"text-editor.default\">\n\t\t\t\t<div class=\"elementor-widget-container\">\n\t\t\t\t\t\t\t<p>\u00a1Te invitamos a explorar todos nuestros servicios y a descubrir por qu\u00e9 somos la elecci\u00f3n confiable para la reparaci\u00f3n de heladeras! No dudes en comunicarte con nosotros por WhatsApp para una atenci\u00f3n a\u00fan m\u00e1s r\u00e1pida y personalizada.\u00a0<\/p>\t\t\t\t\t\t<\/div>\n\t\t\t\t<\/div>\n\t\t\t\t<\/div>\n\t\t\t\t\t<\/div>\n\t\t\t\t<\/div>\n\t\t<div class=\"elementor-element elementor-element-8d3f36e e-flex e-con-boxed e-con e-parent\" data-id=\"8d3f36e\" data-element_type=\"container\">\n\t\t\t\t\t<div class=\"e-con-inner\">\n\t\t\t\t<div class=\"elementor-element elementor-element-2028aec elementor-widget elementor-widget-spacer\" data-id=\"2028aec\" data-element_type=\"widget\" data-widget_type=\"spacer.default\">\n\t\t\t\t<div class=\"elementor-widget-container\">\n\t\t\t\t\t<div class=\"elementor-spacer\">\n\t\t\t<div class=\"elementor-spacer-inner\"><\/div>\n\t\t<\/div>\n\t\t\t\t<\/div>\n\t\t\t\t<\/div>\n\t\t\t\t\t<\/div>\n\t\t\t\t<\/div>\n\t\t\t\t<\/div>\n\t\t","protected":false},"excerpt":{"rendered":"<p>Servicio Profesional de Reparaci\u00f3n de Heladeras \u00a1Te ofrecemos nuestro dedicado servicio de reparaci\u00f3n de heladeras! No te preocupes m\u00e1s por &hellip; <\/p>\n","protected":false},"author":1,"featured_media":0,"parent":0,"menu_order":0,"comment_status":"closed","ping_status":"closed","template":"elementor_header_footer","meta":{"footnotes":""},"_links":{"self":[{"href":"https:\/\/javiergasistarefrigeracion.com\/index.php\/wp-json\/wp\/v2\/pages\/130"}],"collection":[{"href":"https:\/\/javiergasistarefrigeracion.com\/index.php\/wp-json\/wp\/v2\/pages"}],"about":[{"href":"https:\/\/javiergasistarefrigeracion.com\/index.php\/wp-json\/wp\/v2\/types\/page"}],"author":[{"embeddable":true,"href":"https:\/\/javiergasistarefrigeracion.com\/index.php\/wp-json\/wp\/v2\/users\/1"}],"replies":[{"embeddable":true,"href":"https:\/\/javiergasistarefrigeracion.com\/index.php\/wp-json\/wp\/v2\/comments?post=130"}],"version-history":[{"count":21,"href":"https:\/\/javiergasistarefrigeracion.com\/index.php\/wp-json\/wp\/v2\/pages\/130\/revisions"}],"predecessor-version":[{"id":499,"href":"https:\/\/javiergasistarefrigeracion.com\/index.php\/wp-json\/wp\/v2\/pages\/130\/revisions\/499"}],"wp:attachment":[{"href":"https:\/\/javiergasistarefrigeracion.com\/index.php\/wp-json\/wp\/v2\/media?parent=130"}],"curies":[{"name":"wp","href":"https:\/\/api.w.org\/{rel}","templated":true}]}}